{"id":7875,"date":"2025-03-12T18:01:34","date_gmt":"2025-03-12T15:01:34","guid":{"rendered":"https:\/\/cepaksesuarburada.com.tr\/?post_type=product&#038;p=7875"},"modified":"2026-04-17T18:11:46","modified_gmt":"2026-04-17T15:11:46","slug":"tecno-camon-20-uyumlu-on-koruma-cam-ekran-koruyucu-seffaf","status":"publish","type":"product","link":"https:\/\/cepaksesuarburada.com.tr\/index.php\/urun\/tecno-camon-20-uyumlu-on-koruma-cam-ekran-koruyucu-seffaf\/","title":{"rendered":"Tecno Camon 20 Uyumlu \u00d6n Koruma Cam Ekran Koruyucu (\u015eeffaf)"},"content":{"rendered":"<div class=\"tab\">\n<ul>\n<li><a id=\"defaultOpen\" class=\"tablinks tab-active\"><\/a>\u00dcr\u00fcn \u00d6zellikleri<\/li>\n<\/ul>\n<\/div>\n<div id=\"product-feature\">\n<div class=\"product-specs-table\">\n<div class=\"mt-5\">\n<table width=\"100%\">\n<tbody>\n<tr>\n<th>Uyumlu Modeller<\/th>\n<td>Tecno &#8211; Camon 20<\/td>\n<\/tr>\n<tr>\n<th>Renk<\/th>\n<td>\u015eeffaf<\/td>\n<\/tr>\n<tr>\n<th>\u00dcr\u00fcn A\u011f\u0131rl\u0131\u011f\u0131<\/th>\n<td>0 gr<\/td>\n<\/tr>\n<tr>\n<th>Malzeme Cinsi<\/th>\n<td>Cam<\/td>\n<\/tr>\n<tr>\n<th>\u00dcr\u00fcn Kal\u0131nl\u0131k (Mm)<\/th>\n<td>0.3 mm<\/td>\n<\/tr>\n<tr>\n<th>Koruma Alan\u0131<\/th>\n<td>\u00d6n Koruma<\/td>\n<\/tr>\n<tr>\n<th>Uv Koruma<\/th>\n<td>Var<\/td>\n<\/tr>\n<tr>\n<th>Parmak \u0130zi<\/th>\n<td>G\u00f6stermiyor<\/td>\n<\/tr>\n<tr>\n<th>\u00dcr\u00fcn Durumu<\/th>\n<td>S\u0131f\u0131r<\/td>\n<\/tr>\n<tr>\n<th>Garanti S\u00fcresi<\/th>\n<td>Belirtilmemi\u015f<\/td>\n<\/tr>\n<tr>\n<th>\u00dcr\u00fcn Men\u015fei\/\u00dclke<\/th>\n<td>P.R.C<\/td>\n<\/tr>\n<tr>\n<th>Su Ge\u00e7irmezlik<\/th>\n<td>Ge\u00e7irmez<\/td>\n<\/tr>\n<\/tbody>\n<\/table>\n<\/div>\n<\/div>\n<\/div>\n","protected":false},"excerpt":{"rendered":"<p>\u00dcr\u00fcn \u00d6zellikleri Uyumlu Modeller Tecno &#8211; Camon 20 Renk \u015eeffaf \u00dcr\u00fcn A\u011f\u0131rl\u0131\u011f\u0131 0 gr Malzeme Cinsi Cam \u00dcr\u00fcn Kal\u0131nl\u0131k (Mm)<\/p>\n","protected":false},"featured_media":19078,"comment_status":"open","ping_status":"closed","template":"","meta":[],"product_brand":[205],"product_cat":[24,149],"product_tag":[],"class_list":{"0":"post-7875","1":"product","2":"type-product","3":"status-publish","4":"has-post-thumbnail","6":"product_brand-tecno","7":"product_cat-ekran-koruyucular","8":"product_cat-temperli-cam-ekran-koruyuculari","10":"first","11":"instock","12":"sale","13":"featured","14":"shipping-taxable","15":"purchasable","16":"product-type-simple"},"_links":{"self":[{"href":"https:\/\/cepaksesuarburada.com.tr\/index.php\/wp-json\/wp\/v2\/product\/7875","targetHints":{"allow":["GET"]}}],"collection":[{"href":"https:\/\/cepaksesuarburada.com.tr\/index.php\/wp-json\/wp\/v2\/product"}],"about":[{"href":"https:\/\/cepaksesuarburada.com.tr\/index.php\/wp-json\/wp\/v2\/types\/product"}],"replies":[{"embeddable":true,"href":"https:\/\/cepaksesuarburada.com.tr\/index.php\/wp-json\/wp\/v2\/comments?post=7875"}],"version-history":[{"count":1,"href":"https:\/\/cepaksesuarburada.com.tr\/index.php\/wp-json\/wp\/v2\/product\/7875\/revisions"}],"predecessor-version":[{"id":19079,"href":"https:\/\/cepaksesuarburada.com.tr\/index.php\/wp-json\/wp\/v2\/product\/7875\/revisions\/19079"}],"wp:featuredmedia":[{"embeddable":true,"href":"https:\/\/cepaksesuarburada.com.tr\/index.php\/wp-json\/wp\/v2\/media\/19078"}],"wp:attachment":[{"href":"https:\/\/cepaksesuarburada.com.tr\/index.php\/wp-json\/wp\/v2\/media?parent=7875"}],"wp:term":[{"taxonomy":"product_brand","embeddable":true,"href":"https:\/\/cepaksesuarburada.com.tr\/index.php\/wp-json\/wp\/v2\/product_brand?post=7875"},{"taxonomy":"product_cat","embeddable":true,"href":"https:\/\/cepaksesuarburada.com.tr\/index.php\/wp-json\/wp\/v2\/product_cat?post=7875"},{"taxonomy":"product_tag","embeddable":true,"href":"https:\/\/cepaksesuarburada.com.tr\/index.php\/wp-json\/wp\/v2\/product_tag?post=7875"}],"curies":[{"name":"wp","href":"https:\/\/api.w.org\/{rel}","templated":true}]}}