{"id":17229,"date":"2025-11-16T13:38:55","date_gmt":"2025-11-16T10:38:55","guid":{"rendered":"https:\/\/cepaksesuarburada.com.tr\/?post_type=product&#038;p=17229"},"modified":"2026-04-17T18:06:43","modified_gmt":"2026-04-17T15:06:43","slug":"samsung-galaxy-a20s-uyumlu-on-koruma-cam-ekran-koruyucu-2","status":"publish","type":"product","link":"https:\/\/cepaksesuarburada.com.tr\/index.php\/urun\/samsung-galaxy-a20s-uyumlu-on-koruma-cam-ekran-koruyucu-2\/","title":{"rendered":"Samsung Galaxy A20S Uyumlu \u00d6n Koruma Cam Ekran Koruyucu"},"content":{"rendered":"<div class=\"tab\">\n<ul>\n<li><a id=\"defaultOpen\" class=\"tablinks tab-active\"><\/a>\u00dcr\u00fcn \u00d6zellikleri<\/li>\n<\/ul>\n<\/div>\n<div id=\"product-feature\">\n<div class=\"product-specs-table\">\n<div class=\"mt-5\">\n<table width=\"100%\">\n<tbody>\n<tr>\n<th>Uyumlu Modeller<\/th>\n<td>Samsung &#8211; Galaxy A20S, Oppo &#8211; A91, Samsung &#8211; Galaxy A02S, Xiaomi &#8211; Redmi 9, Samsung &#8211; Galaxy M20S<\/td>\n<\/tr>\n<tr>\n<th>Renk<\/th>\n<td><\/td>\n<\/tr>\n<tr>\n<th>\u00dcr\u00fcn A\u011f\u0131rl\u0131\u011f\u0131<\/th>\n<td>3 gr<\/td>\n<\/tr>\n<tr>\n<th>Malzeme Cinsi<\/th>\n<td>Cam<\/td>\n<\/tr>\n<tr>\n<th>\u00dcr\u00fcn Kal\u0131nl\u0131k (Mm)<\/th>\n<td>0.3 mm<\/td>\n<\/tr>\n<tr>\n<th>Koruma Alan\u0131<\/th>\n<td>\u00d6n Koruma<\/td>\n<\/tr>\n<tr>\n<th>Uv Koruma<\/th>\n<td>Var<\/td>\n<\/tr>\n<tr>\n<th>Parmak \u0130zi<\/th>\n<td>G\u00f6stermiyor<\/td>\n<\/tr>\n<tr>\n<th>\u00dcr\u00fcn Durumu<\/th>\n<td>S\u0131f\u0131r<\/td>\n<\/tr>\n<tr>\n<th>Garanti S\u00fcresi<\/th>\n<td>Belirtilmemi\u015f<\/td>\n<\/tr>\n<tr>\n<th>\u00dcr\u00fcn Men\u015fei\/\u00dclke<\/th>\n<td>P.R.C<\/td>\n<\/tr>\n<tr>\n<th>Su Ge\u00e7irmezlik<\/th>\n<td>Ge\u00e7irmez<\/td>\n<\/tr>\n<\/tbody>\n<\/table>\n<\/div>\n<\/div>\n<\/div>\n","protected":false},"excerpt":{"rendered":"<p>\u00dcr\u00fcn \u00d6zellikleri Uyumlu Modeller Samsung &#8211; Galaxy A20S, Oppo &#8211; A91, Samsung &#8211; Galaxy A02S, Xiaomi &#8211; Redmi 9, Samsung<\/p>\n","protected":false},"featured_media":20844,"comment_status":"open","ping_status":"closed","template":"","meta":[],"product_brand":[75],"product_cat":[24,149],"product_tag":[242,243],"class_list":{"0":"post-17229","1":"product","2":"type-product","3":"status-publish","4":"has-post-thumbnail","6":"product_brand-samsung","7":"product_cat-ekran-koruyucular","8":"product_cat-temperli-cam-ekran-koruyuculari","9":"product_tag-ekran-koruyucular","10":"product_tag-temperli-cam-ekran-koruyuculari","12":"first","13":"instock","14":"sale","15":"featured","16":"taxable","17":"shipping-taxable","18":"purchasable","19":"product-type-simple"},"_links":{"self":[{"href":"https:\/\/cepaksesuarburada.com.tr\/index.php\/wp-json\/wp\/v2\/product\/17229","targetHints":{"allow":["GET"]}}],"collection":[{"href":"https:\/\/cepaksesuarburada.com.tr\/index.php\/wp-json\/wp\/v2\/product"}],"about":[{"href":"https:\/\/cepaksesuarburada.com.tr\/index.php\/wp-json\/wp\/v2\/types\/product"}],"replies":[{"embeddable":true,"href":"https:\/\/cepaksesuarburada.com.tr\/index.php\/wp-json\/wp\/v2\/comments?post=17229"}],"version-history":[{"count":1,"href":"https:\/\/cepaksesuarburada.com.tr\/index.php\/wp-json\/wp\/v2\/product\/17229\/revisions"}],"predecessor-version":[{"id":20846,"href":"https:\/\/cepaksesuarburada.com.tr\/index.php\/wp-json\/wp\/v2\/product\/17229\/revisions\/20846"}],"wp:featuredmedia":[{"embeddable":true,"href":"https:\/\/cepaksesuarburada.com.tr\/index.php\/wp-json\/wp\/v2\/media\/20844"}],"wp:attachment":[{"href":"https:\/\/cepaksesuarburada.com.tr\/index.php\/wp-json\/wp\/v2\/media?parent=17229"}],"wp:term":[{"taxonomy":"product_brand","embeddable":true,"href":"https:\/\/cepaksesuarburada.com.tr\/index.php\/wp-json\/wp\/v2\/product_brand?post=17229"},{"taxonomy":"product_cat","embeddable":true,"href":"https:\/\/cepaksesuarburada.com.tr\/index.php\/wp-json\/wp\/v2\/product_cat?post=17229"},{"taxonomy":"product_tag","embeddable":true,"href":"https:\/\/cepaksesuarburada.com.tr\/index.php\/wp-json\/wp\/v2\/product_tag?post=17229"}],"curies":[{"name":"wp","href":"https:\/\/api.w.org\/{rel}","templated":true}]}}