{"id":16932,"date":"2025-05-07T23:19:13","date_gmt":"2025-05-07T20:19:13","guid":{"rendered":"https:\/\/cepaksesuarburada.com.tr\/?post_type=product&#038;p=16932"},"modified":"2026-04-17T17:41:53","modified_gmt":"2026-04-17T14:41:53","slug":"x-voora-xw-026-2-cikisli-micro-kablo-arac-sarj-aleti-beyaz","status":"publish","type":"product","link":"https:\/\/cepaksesuarburada.com.tr\/index.php\/urun\/x-voora-xw-026-2-cikisli-micro-kablo-arac-sarj-aleti-beyaz\/","title":{"rendered":"X-Voora XW-026 2 \u00c7\u0131k\u0131\u015fl\u0131 Micro Kablo + Ara\u00e7 \u015earj Aleti (Beyaz)"},"content":{"rendered":"<div class=\"nettech\">\n<div class=\"sub-page-wrap\">\n<div class=\"w100\" data-sticky-container=\"\">\n<div class=\"wrap\">\n<div class=\"tab\">\n<ul>\n<li><a id=\"defaultOpen\" class=\"tablinks tab-active\"><\/a>\u00c3\u009cr\u00c3\u00bcn \u00c3\u0096zellikleri<\/li>\n<\/ul>\n<\/div>\n<div id=\"product-feature\">\n<div class=\"product-specs-table\">\n<div class=\"mt-5\">\n<table width=\"100%\">\n<tbody>\n<tr>\n<th>Uyumlu Modeller<\/th>\n<td>Samsung &#8211; Micro, Alcatel &#8211; Micro, Acer &#8211; Micro, HTC &#8211; Micro<\/td>\n<\/tr>\n<tr>\n<th>Renk<\/th>\n<td>Beyaz<\/td>\n<\/tr>\n<tr>\n<th>\u00c3\u009cr\u00c3\u00bcn A\u00c4\u009f\u00c4\u00b1rl\u00c4\u00b1\u00c4\u009f\u00c4\u00b1<\/th>\n<td>35 gr<\/td>\n<\/tr>\n<tr>\n<th>Malzeme Cinsi<\/th>\n<td>Plastik<\/td>\n<\/tr>\n<tr>\n<th>Usb \u00c3\u0087\u00c4\u00b1k\u00c4\u00b1\u00c5\u009f Say\u00c4\u00b1s\u00c4\u00b1<\/th>\n<td>2 \u00c3\u0087\u00c4\u00b1k\u00c4\u00b1\u00c5\u009fl\u00c4\u00b1<\/td>\n<\/tr>\n<tr>\n<th>\u00c3\u0087\u00c4\u00b1k\u00c4\u00b1\u00c5\u009f Voltaj (V)<\/th>\n<td>12V<\/td>\n<\/tr>\n<tr>\n<th>\u00c3\u0087\u00c4\u00b1k\u00c4\u00b1\u00c5\u009f Amper (Mah)<\/th>\n<td>2100 mAh<\/td>\n<\/tr>\n<tr>\n<th>Giri\u00c5\u009f Voltaj (V)<\/th>\n<td>24 V<\/td>\n<\/tr>\n<tr>\n<th>\u00c5\u009earj Tipi<\/th>\n<td>Ara\u00c3\u00a7 \u00c5\u009earj\u00c4\u00b1<\/td>\n<\/tr>\n<tr>\n<th>Otomatik \u00c5\u009earj Kesme<\/th>\n<td>Yok<\/td>\n<\/tr>\n<tr>\n<th>\u00c5\u009earj Kablo Tipi<\/th>\n<td>Micro Kablo +<\/td>\n<\/tr>\n<tr>\n<th>H\u00c4\u00b1zl\u00c4\u00b1 \u00c5\u009earj Deste\u00c4\u009fi<\/th>\n<td>Yok<\/td>\n<\/tr>\n<tr>\n<th>Kablo Uzunlu\u00c4\u009fu (Cm.)<\/th>\n<td>100 Cm<\/td>\n<\/tr>\n<tr>\n<th>\u00c5\u009earj S\u00c3\u00bcresi<\/th>\n<td>1 Saat Alt\u00c4\u00b1<\/td>\n<\/tr>\n<tr>\n<th>\u00c3\u009cr\u00c3\u00bcn Durumu<\/th>\n<td>S\u00c4\u00b1f\u00c4\u00b1r<\/td>\n<\/tr>\n<tr>\n<th>Garanti Durumu<\/th>\n<td>\u00c4\u00b0thaalat\u00c3\u00a7\u00c4\u00b1 Garantili<\/td>\n<\/tr>\n<tr>\n<th>Garanti S\u00c3\u00bcresi<\/th>\n<td>24 Ay<\/td>\n<\/tr>\n<tr>\n<th>\u00c3\u009cr\u00c3\u00bcn Men\u00c5\u009fei\/\u00c3\u009clke<\/th>\n<td>P.R.C<\/td>\n<\/tr>\n<\/tbody>\n<\/table>\n<\/div>\n<\/div>\n<\/div>\n<\/div>\n<\/div>\n<\/div>\n<\/div>\n","protected":false},"excerpt":{"rendered":"<p>\u00c3\u009cr\u00c3\u00bcn \u00c3\u0096zellikleri Uyumlu Modeller Samsung &#8211; Micro, Alcatel &#8211; Micro, Acer &#8211; Micro, HTC &#8211; Micro Renk Beyaz \u00c3\u009cr\u00c3\u00bcn A\u00c4\u009f\u00c4\u00b1rl\u00c4\u00b1\u00c4\u009f\u00c4\u00b1<\/p>\n","protected":false},"featured_media":19813,"comment_status":"closed","ping_status":"closed","template":"","meta":[],"product_brand":[309],"product_cat":[126,22],"product_tag":[],"class_list":{"0":"post-16932","1":"product","2":"type-product","3":"status-publish","4":"has-post-thumbnail","6":"product_brand-x-voora","7":"product_cat-arac-sarj-aletleri","8":"product_cat-sarj-cihazlari","10":"first","11":"outofstock","12":"sale","13":"featured","14":"shipping-taxable","15":"purchasable","16":"product-type-simple"},"_links":{"self":[{"href":"https:\/\/cepaksesuarburada.com.tr\/index.php\/wp-json\/wp\/v2\/product\/16932","targetHints":{"allow":["GET"]}}],"collection":[{"href":"https:\/\/cepaksesuarburada.com.tr\/index.php\/wp-json\/wp\/v2\/product"}],"about":[{"href":"https:\/\/cepaksesuarburada.com.tr\/index.php\/wp-json\/wp\/v2\/types\/product"}],"replies":[{"embeddable":true,"href":"https:\/\/cepaksesuarburada.com.tr\/index.php\/wp-json\/wp\/v2\/comments?post=16932"}],"version-history":[{"count":1,"href":"https:\/\/cepaksesuarburada.com.tr\/index.php\/wp-json\/wp\/v2\/product\/16932\/revisions"}],"predecessor-version":[{"id":19817,"href":"https:\/\/cepaksesuarburada.com.tr\/index.php\/wp-json\/wp\/v2\/product\/16932\/revisions\/19817"}],"wp:featuredmedia":[{"embeddable":true,"href":"https:\/\/cepaksesuarburada.com.tr\/index.php\/wp-json\/wp\/v2\/media\/19813"}],"wp:attachment":[{"href":"https:\/\/cepaksesuarburada.com.tr\/index.php\/wp-json\/wp\/v2\/media?parent=16932"}],"wp:term":[{"taxonomy":"product_brand","embeddable":true,"href":"https:\/\/cepaksesuarburada.com.tr\/index.php\/wp-json\/wp\/v2\/product_brand?post=16932"},{"taxonomy":"product_cat","embeddable":true,"href":"https:\/\/cepaksesuarburada.com.tr\/index.php\/wp-json\/wp\/v2\/product_cat?post=16932"},{"taxonomy":"product_tag","embeddable":true,"href":"https:\/\/cepaksesuarburada.com.tr\/index.php\/wp-json\/wp\/v2\/product_tag?post=16932"}],"curies":[{"name":"wp","href":"https:\/\/api.w.org\/{rel}","templated":true}]}}