{"id":16928,"date":"2025-05-07T22:16:34","date_gmt":"2025-05-07T19:16:34","guid":{"rendered":"https:\/\/cepaksesuarburada.com.tr\/?post_type=product&#038;p=16928"},"modified":"2026-04-17T17:42:23","modified_gmt":"2026-04-17T14:42:23","slug":"teknonet-tn-hch06-10w-2100-mah-lightning-kablo-sarj-aleti","status":"publish","type":"product","link":"https:\/\/cepaksesuarburada.com.tr\/index.php\/urun\/teknonet-tn-hch06-10w-2100-mah-lightning-kablo-sarj-aleti\/","title":{"rendered":"Teknonet TN-HCH06 10W 2100 mAh Lightning Kablo + \u015earj Aleti"},"content":{"rendered":"<div class=\"nettech\">\n<div class=\"sub-page-wrap\">\n<div class=\"w100\" data-sticky-container=\"\">\n<div class=\"wrap\">\n<div class=\"tab\">\n<ul>\n<li><a id=\"defaultOpen\" class=\"tablinks tab-active\"><\/a>\u00dcr\u00fcn \u00d6zellikleri<\/li>\n<\/ul>\n<\/div>\n<div id=\"product-feature\">\n<div class=\"product-specs-table\">\n<div class=\"mt-5\">\n<table width=\"100%\">\n<tbody>\n<tr>\n<th>Uyumlu Modeller<\/th>\n<td><\/td>\n<\/tr>\n<tr>\n<th>Renk<\/th>\n<td>Beyaz<\/td>\n<\/tr>\n<tr>\n<th>\u00dcr\u00fcn A\u011f\u0131rl\u0131\u011f\u0131<\/th>\n<td>0 gr<\/td>\n<\/tr>\n<tr>\n<th>Malzeme Cinsi<\/th>\n<td>Pleksi<\/td>\n<\/tr>\n<tr>\n<th>Usb \u00c7\u0131k\u0131\u015f Say\u0131s\u0131<\/th>\n<td>1 \u00c7\u0131k\u0131\u015fl\u0131<\/td>\n<\/tr>\n<tr>\n<th>\u00c7\u0131k\u0131\u015f Voltaj (V)<\/th>\n<td>5V<\/td>\n<\/tr>\n<tr>\n<th>\u00c7\u0131k\u0131\u015f Amper (Mah)<\/th>\n<td>2100 mAh<\/td>\n<\/tr>\n<tr>\n<th>Giri\u015f Voltaj (V)<\/th>\n<td>5 V<\/td>\n<\/tr>\n<tr>\n<th>Otomatik \u015earj Kesme<\/th>\n<td>Var<\/td>\n<\/tr>\n<tr>\n<th>\u015earj Kablo Tipi<\/th>\n<td>Lightning Kablo +<\/td>\n<\/tr>\n<tr>\n<th>H\u0131zl\u0131 \u015earj Deste\u011fi<\/th>\n<td>Var<\/td>\n<\/tr>\n<tr>\n<th>Kablo Uzunlu\u011fu (Cm.)<\/th>\n<td>100 Cm<\/td>\n<\/tr>\n<tr>\n<th>\u015earj S\u00fcresi<\/th>\n<td>1 Saat Alt\u0131<\/td>\n<\/tr>\n<tr>\n<th>\u00dcr\u00fcn Durumu<\/th>\n<td>\u0130thalat Garantili<\/td>\n<\/tr>\n<tr>\n<th>Garanti Durumu<\/th>\n<td>\u0130thaalat\u00e7\u0131 Garantili<\/td>\n<\/tr>\n<tr>\n<th>Garanti S\u00fcresi<\/th>\n<td>24 Ay<\/td>\n<\/tr>\n<tr>\n<th>\u00dcr\u00fcn Men\u015fei\/\u00dclke<\/th>\n<td>P.R.C<\/td>\n<\/tr>\n<tr>\n<th>MFI<\/th>\n<td>Var<\/td>\n<\/tr>\n<tr>\n<th>Watt De\u011feri(W)<\/th>\n<td>10W<\/td>\n<\/tr>\n<\/tbody>\n<\/table>\n<\/div>\n<\/div>\n<\/div>\n<\/div>\n<\/div>\n<\/div>\n<\/div>\n","protected":false},"excerpt":{"rendered":"<p>\u00dcr\u00fcn \u00d6zellikleri Uyumlu Modeller Renk Beyaz \u00dcr\u00fcn A\u011f\u0131rl\u0131\u011f\u0131 0 gr Malzeme Cinsi Pleksi Usb \u00c7\u0131k\u0131\u015f Say\u0131s\u0131 1 \u00c7\u0131k\u0131\u015fl\u0131 \u00c7\u0131k\u0131\u015f Voltaj<\/p>\n","protected":false},"featured_media":19801,"comment_status":"closed","ping_status":"closed","template":"","meta":[],"product_brand":[169],"product_cat":[22,128],"product_tag":[],"class_list":{"0":"post-16928","1":"product","2":"type-product","3":"status-publish","4":"has-post-thumbnail","6":"product_brand-teknonet","7":"product_cat-sarj-cihazlari","8":"product_cat-seyahat-sarj-aletleri","10":"first","11":"instock","12":"sale","13":"featured","14":"shipping-taxable","15":"purchasable","16":"product-type-simple"},"_links":{"self":[{"href":"https:\/\/cepaksesuarburada.com.tr\/index.php\/wp-json\/wp\/v2\/product\/16928","targetHints":{"allow":["GET"]}}],"collection":[{"href":"https:\/\/cepaksesuarburada.com.tr\/index.php\/wp-json\/wp\/v2\/product"}],"about":[{"href":"https:\/\/cepaksesuarburada.com.tr\/index.php\/wp-json\/wp\/v2\/types\/product"}],"replies":[{"embeddable":true,"href":"https:\/\/cepaksesuarburada.com.tr\/index.php\/wp-json\/wp\/v2\/comments?post=16928"}],"version-history":[{"count":1,"href":"https:\/\/cepaksesuarburada.com.tr\/index.php\/wp-json\/wp\/v2\/product\/16928\/revisions"}],"predecessor-version":[{"id":19803,"href":"https:\/\/cepaksesuarburada.com.tr\/index.php\/wp-json\/wp\/v2\/product\/16928\/revisions\/19803"}],"wp:featuredmedia":[{"embeddable":true,"href":"https:\/\/cepaksesuarburada.com.tr\/index.php\/wp-json\/wp\/v2\/media\/19801"}],"wp:attachment":[{"href":"https:\/\/cepaksesuarburada.com.tr\/index.php\/wp-json\/wp\/v2\/media?parent=16928"}],"wp:term":[{"taxonomy":"product_brand","embeddable":true,"href":"https:\/\/cepaksesuarburada.com.tr\/index.php\/wp-json\/wp\/v2\/product_brand?post=16928"},{"taxonomy":"product_cat","embeddable":true,"href":"https:\/\/cepaksesuarburada.com.tr\/index.php\/wp-json\/wp\/v2\/product_cat?post=16928"},{"taxonomy":"product_tag","embeddable":true,"href":"https:\/\/cepaksesuarburada.com.tr\/index.php\/wp-json\/wp\/v2\/product_tag?post=16928"}],"curies":[{"name":"wp","href":"https:\/\/api.w.org\/{rel}","templated":true}]}}