{"id":16925,"date":"2025-05-07T21:53:03","date_gmt":"2025-05-07T18:53:03","guid":{"rendered":"https:\/\/cepaksesuarburada.com.tr\/?post_type=product&#038;p=16925"},"modified":"2026-04-17T17:42:43","modified_gmt":"2026-04-17T14:42:43","slug":"apple-mhje3tu-a-20w-3400-mah-sarj-aleti-adaptor-baslik","status":"publish","type":"product","link":"https:\/\/cepaksesuarburada.com.tr\/index.php\/urun\/apple-mhje3tu-a-20w-3400-mah-sarj-aleti-adaptor-baslik\/","title":{"rendered":"Apple MHJE3TU\/A 20W 3400 mAh \u015earj Aleti Adapt\u00f6r Ba\u015fl\u0131k"},"content":{"rendered":"<div class=\"nettech\">\n<div class=\"sub-page-wrap\">\n<div class=\"w100\" data-sticky-container=\"\">\n<div class=\"wrap\">\n<div class=\"tab\">\n<ul>\n<li><a id=\"defaultOpen\" class=\"tablinks tab-active\"><\/a>\u00c3\u009cr\u00c3\u00bcn \u00c3\u0096zellikleri<\/li>\n<\/ul>\n<\/div>\n<div id=\"product-feature\">\n<div class=\"product-specs-table\">\n<div class=\"mt-5\">\n<table width=\"100%\">\n<tbody>\n<tr>\n<th>Uyumlu Modeller<\/th>\n<td><\/td>\n<\/tr>\n<tr>\n<th>Renk<\/th>\n<td><\/td>\n<\/tr>\n<tr>\n<th>\u00c3\u009cr\u00c3\u00bcn A\u00c4\u009f\u00c4\u00b1rl\u00c4\u00b1\u00c4\u009f\u00c4\u00b1<\/th>\n<td>0 gr<\/td>\n<\/tr>\n<tr>\n<th>Malzeme Cinsi<\/th>\n<td>Plastik<\/td>\n<\/tr>\n<tr>\n<th>Usb \u00c3\u0087\u00c4\u00b1k\u00c4\u00b1\u00c5\u009f Say\u00c4\u00b1s\u00c4\u00b1<\/th>\n<td>1 \u00c3\u0087\u00c4\u00b1k\u00c4\u00b1\u00c5\u009fl\u00c4\u00b1<\/td>\n<\/tr>\n<tr>\n<th>\u00c3\u0087\u00c4\u00b1k\u00c4\u00b1\u00c5\u009f Voltaj (V)<\/th>\n<td>5V<\/td>\n<\/tr>\n<tr>\n<th>\u00c3\u0087\u00c4\u00b1k\u00c4\u00b1\u00c5\u009f Amper (Mah)<\/th>\n<td>3400 mAh<\/td>\n<\/tr>\n<tr>\n<th>Giri\u00c5\u009f Voltaj (V)<\/th>\n<td>12 V<\/td>\n<\/tr>\n<tr>\n<th>Otomatik \u00c5\u009earj Kesme<\/th>\n<td>Var<\/td>\n<\/tr>\n<tr>\n<th>H\u00c4\u00b1zl\u00c4\u00b1 \u00c5\u009earj Deste\u00c4\u009fi<\/th>\n<td>Var<\/td>\n<\/tr>\n<tr>\n<th>\u00c5\u009earj S\u00c3\u00bcresi<\/th>\n<td>1 Saat Alt\u00c4\u00b1<\/td>\n<\/tr>\n<tr>\n<th>\u00c3\u009cr\u00c3\u00bcn Durumu<\/th>\n<td>S\u00c4\u00b1f\u00c4\u00b1r<\/td>\n<\/tr>\n<tr>\n<th>Garanti Durumu<\/th>\n<td>\u00c4\u00b0thaalat\u00c3\u00a7\u00c4\u00b1 Garantili<\/td>\n<\/tr>\n<tr>\n<th>Garanti S\u00c3\u00bcresi<\/th>\n<td>24 Ay<\/td>\n<\/tr>\n<tr>\n<th>\u00c3\u009cr\u00c3\u00bcn Men\u00c5\u009fei\/\u00c3\u009clke<\/th>\n<td>P.R.C<\/td>\n<\/tr>\n<tr>\n<th>MFI<\/th>\n<td>Var<\/td>\n<\/tr>\n<tr>\n<th>Watt De\u00c4\u009feri(W)<\/th>\n<td>20W<\/td>\n<\/tr>\n<tr>\n<th>Giri\u00c5\u009f Ucu<\/th>\n<td>Type-C<\/td>\n<\/tr>\n<\/tbody>\n<\/table>\n<p>Not:Sadece Adapt\u00c3\u00b6r Kablo Dahil De\u00c4\u009fildir.<\/p>\n<\/div>\n<\/div>\n<\/div>\n<\/div>\n<\/div>\n<\/div>\n<\/div>\n","protected":false},"excerpt":{"rendered":"<p>\u00c3\u009cr\u00c3\u00bcn \u00c3\u0096zellikleri Uyumlu Modeller Renk \u00c3\u009cr\u00c3\u00bcn A\u00c4\u009f\u00c4\u00b1rl\u00c4\u00b1\u00c4\u009f\u00c4\u00b1 0 gr Malzeme Cinsi Plastik Usb \u00c3\u0087\u00c4\u00b1k\u00c4\u00b1\u00c5\u009f Say\u00c4\u00b1s\u00c4\u00b1 1 \u00c3\u0087\u00c4\u00b1k\u00c4\u00b1\u00c5\u009fl\u00c4\u00b1 \u00c3\u0087\u00c4\u00b1k\u00c4\u00b1\u00c5\u009f Voltaj (V)<\/p>\n","protected":false},"featured_media":19793,"comment_status":"closed","ping_status":"closed","template":"","meta":[],"product_brand":[52],"product_cat":[22,128],"product_tag":[],"class_list":{"0":"post-16925","1":"product","2":"type-product","3":"status-publish","4":"has-post-thumbnail","6":"product_brand-apple","7":"product_cat-sarj-cihazlari","8":"product_cat-seyahat-sarj-aletleri","10":"first","11":"outofstock","12":"sale","13":"featured","14":"shipping-taxable","15":"purchasable","16":"product-type-simple"},"_links":{"self":[{"href":"https:\/\/cepaksesuarburada.com.tr\/index.php\/wp-json\/wp\/v2\/product\/16925","targetHints":{"allow":["GET"]}}],"collection":[{"href":"https:\/\/cepaksesuarburada.com.tr\/index.php\/wp-json\/wp\/v2\/product"}],"about":[{"href":"https:\/\/cepaksesuarburada.com.tr\/index.php\/wp-json\/wp\/v2\/types\/product"}],"replies":[{"embeddable":true,"href":"https:\/\/cepaksesuarburada.com.tr\/index.php\/wp-json\/wp\/v2\/comments?post=16925"}],"version-history":[{"count":1,"href":"https:\/\/cepaksesuarburada.com.tr\/index.php\/wp-json\/wp\/v2\/product\/16925\/revisions"}],"predecessor-version":[{"id":19795,"href":"https:\/\/cepaksesuarburada.com.tr\/index.php\/wp-json\/wp\/v2\/product\/16925\/revisions\/19795"}],"wp:featuredmedia":[{"embeddable":true,"href":"https:\/\/cepaksesuarburada.com.tr\/index.php\/wp-json\/wp\/v2\/media\/19793"}],"wp:attachment":[{"href":"https:\/\/cepaksesuarburada.com.tr\/index.php\/wp-json\/wp\/v2\/media?parent=16925"}],"wp:term":[{"taxonomy":"product_brand","embeddable":true,"href":"https:\/\/cepaksesuarburada.com.tr\/index.php\/wp-json\/wp\/v2\/product_brand?post=16925"},{"taxonomy":"product_cat","embeddable":true,"href":"https:\/\/cepaksesuarburada.com.tr\/index.php\/wp-json\/wp\/v2\/product_cat?post=16925"},{"taxonomy":"product_tag","embeddable":true,"href":"https:\/\/cepaksesuarburada.com.tr\/index.php\/wp-json\/wp\/v2\/product_tag?post=16925"}],"curies":[{"name":"wp","href":"https:\/\/api.w.org\/{rel}","templated":true}]}}