{"id":16879,"date":"2025-04-03T22:07:38","date_gmt":"2025-04-03T19:07:38","guid":{"rendered":"https:\/\/cepaksesuarburada.com.tr\/?post_type=product&#038;p=16879"},"modified":"2026-04-17T17:50:24","modified_gmt":"2026-04-17T14:50:24","slug":"nettech-nt-ot01-lightning-to-jack-donusturucu","status":"publish","type":"product","link":"https:\/\/cepaksesuarburada.com.tr\/index.php\/urun\/nettech-nt-ot01-lightning-to-jack-donusturucu\/","title":{"rendered":"Nettech NT-OT01 Lightning To Jack D\u00f6n\u00fc\u015ft\u00fcr\u00fcc\u00fc"},"content":{"rendered":"<div class=\"tab\">\n<ul>\n<li><a id=\"defaultOpen\" class=\"tablinks tab-active\"><\/a>\u00c3\u009cr\u00c3\u00bcn \u00c3\u0096zellikleri<\/li>\n<\/ul>\n<\/div>\n<div id=\"product-feature\">\n<div class=\"product-specs-table\">\n<div class=\"mt-5\">\n<table width=\"100%\">\n<tbody>\n<tr>\n<th>Uyumlu Modeller<\/th>\n<td><\/td>\n<\/tr>\n<tr>\n<th>Renk<\/th>\n<td>Siyah<\/td>\n<\/tr>\n<tr>\n<th>\u00c3\u009cr\u00c3\u00bcn A\u00c4\u009f\u00c4\u00b1rl\u00c4\u00b1\u00c4\u009f\u00c4\u00b1<\/th>\n<td>0 gr<\/td>\n<\/tr>\n<tr>\n<th>Malzeme Cinsi<\/th>\n<td>Plastik<\/td>\n<\/tr>\n<tr>\n<th>Data Aktar\u00c4\u00b1m H\u00c4\u00b1z\u00c4\u00b1 ( Mb\/S)<\/th>\n<td>10 MB\/s &#8211; 50 MB\/s<\/td>\n<\/tr>\n<tr>\n<th>G\u00c3\u00b6r\u00c3\u00bcnt\u00c3\u00bc Aktar\u00c4\u00b1m Deste\u00c4\u009fi<\/th>\n<td>Var<\/td>\n<\/tr>\n<tr>\n<th>Kablo Uzunlu\u00c4\u009fu (Cm.)<\/th>\n<td>20 Cm<\/td>\n<\/tr>\n<tr>\n<th>Jack Materyal<\/th>\n<td>Aluminyum<\/td>\n<\/tr>\n<tr>\n<th>Ba\u00c4\u009flant\u00c4\u00b1 Tipi<\/th>\n<td>Lightning To Jack D\u00c3\u00b6n\u00c3\u00bc\u00c5\u009ft\u00c3\u00bcr\u00c3\u00bcc\u00c3\u00bc<\/td>\n<\/tr>\n<tr>\n<th>\u00c3\u009cr\u00c3\u00bcn Durumu<\/th>\n<td>S\u00c4\u00b1f\u00c4\u00b1r<\/td>\n<\/tr>\n<tr>\n<th>Garanti Durumu<\/th>\n<td>\u00c4\u00b0thaalat\u00c3\u00a7\u00c4\u00b1 Garantili<\/td>\n<\/tr>\n<tr>\n<th>Garanti S\u00c3\u00bcresi<\/th>\n<td>24 Ay<\/td>\n<\/tr>\n<tr>\n<th>\u00c3\u009cr\u00c3\u00bcn Men\u00c5\u009fei\/\u00c3\u009clke<\/th>\n<td>P.R.C<\/td>\n<\/tr>\n<tr>\n<th>Wireless \u00c3\u0096zelli\u00c4\u009fi<\/th>\n<td>Yok<\/td>\n<\/tr>\n<\/tbody>\n<\/table>\n<\/div>\n<\/div>\n<\/div>\n","protected":false},"excerpt":{"rendered":"<p>\u00c3\u009cr\u00c3\u00bcn \u00c3\u0096zellikleri Uyumlu Modeller Renk Siyah \u00c3\u009cr\u00c3\u00bcn A\u00c4\u009f\u00c4\u00b1rl\u00c4\u00b1\u00c4\u009f\u00c4\u00b1 0 gr Malzeme Cinsi Plastik Data Aktar\u00c4\u00b1m H\u00c4\u00b1z\u00c4\u00b1 ( Mb\/S) 10 MB\/s<\/p>\n","protected":false},"featured_media":19625,"comment_status":"closed","ping_status":"closed","template":"","meta":[],"product_brand":[163],"product_cat":[138,136,27,132],"product_tag":[262,271,273,175,764,274],"class_list":{"0":"post-16879","1":"product","2":"type-product","3":"status-publish","4":"has-post-thumbnail","6":"product_brand-nettech","7":"product_cat-aux","8":"product_cat-donusturuculer","9":"product_cat-kablolar","10":"product_cat-lightning","11":"product_tag-donusturucu","12":"product_tag-jack","13":"product_tag-lightning","14":"product_tag-nettech","15":"product_tag-nt-ot01","16":"product_tag-to","18":"first","19":"instock","20":"sale","21":"featured","22":"shipping-taxable","23":"purchasable","24":"product-type-simple"},"_links":{"self":[{"href":"https:\/\/cepaksesuarburada.com.tr\/index.php\/wp-json\/wp\/v2\/product\/16879","targetHints":{"allow":["GET"]}}],"collection":[{"href":"https:\/\/cepaksesuarburada.com.tr\/index.php\/wp-json\/wp\/v2\/product"}],"about":[{"href":"https:\/\/cepaksesuarburada.com.tr\/index.php\/wp-json\/wp\/v2\/types\/product"}],"replies":[{"embeddable":true,"href":"https:\/\/cepaksesuarburada.com.tr\/index.php\/wp-json\/wp\/v2\/comments?post=16879"}],"version-history":[{"count":1,"href":"https:\/\/cepaksesuarburada.com.tr\/index.php\/wp-json\/wp\/v2\/product\/16879\/revisions"}],"predecessor-version":[{"id":19628,"href":"https:\/\/cepaksesuarburada.com.tr\/index.php\/wp-json\/wp\/v2\/product\/16879\/revisions\/19628"}],"wp:featuredmedia":[{"embeddable":true,"href":"https:\/\/cepaksesuarburada.com.tr\/index.php\/wp-json\/wp\/v2\/media\/19625"}],"wp:attachment":[{"href":"https:\/\/cepaksesuarburada.com.tr\/index.php\/wp-json\/wp\/v2\/media?parent=16879"}],"wp:term":[{"taxonomy":"product_brand","embeddable":true,"href":"https:\/\/cepaksesuarburada.com.tr\/index.php\/wp-json\/wp\/v2\/product_brand?post=16879"},{"taxonomy":"product_cat","embeddable":true,"href":"https:\/\/cepaksesuarburada.com.tr\/index.php\/wp-json\/wp\/v2\/product_cat?post=16879"},{"taxonomy":"product_tag","embeddable":true,"href":"https:\/\/cepaksesuarburada.com.tr\/index.php\/wp-json\/wp\/v2\/product_tag?post=16879"}],"curies":[{"name":"wp","href":"https:\/\/api.w.org\/{rel}","templated":true}]}}