{"id":16874,"date":"2025-04-01T13:33:33","date_gmt":"2025-04-01T10:33:33","guid":{"rendered":"https:\/\/cepaksesuarburada.com.tr\/?post_type=product&#038;p=16874"},"modified":"2026-04-17T15:33:15","modified_gmt":"2026-04-17T12:33:15","slug":"nettech-jh-101-jack-to-lightning-donusturucu","status":"publish","type":"product","link":"https:\/\/cepaksesuarburada.com.tr\/index.php\/urun\/nettech-jh-101-jack-to-lightning-donusturucu\/","title":{"rendered":"Nettech JH-101 Jack To Lightning D\u00f6n\u00fc\u015ft\u00fcr\u00fcc\u00fc"},"content":{"rendered":"<div class=\"tab\">\n<ul>\n<li><a id=\"defaultOpen\" class=\"tablinks tab-active\"><\/a>\u00c3\u009cr\u00c3\u00bcn \u00c3\u0096zellikleri<\/li>\n<\/ul>\n<\/div>\n<div id=\"product-feature\">\n<div class=\"product-specs-table\">\n<div class=\"mt-5\">\n<table width=\"100%\">\n<tbody>\n<tr>\n<th>Uyumlu Modeller<\/th>\n<td><\/td>\n<\/tr>\n<tr>\n<th>Renk<\/th>\n<td>Siyah<\/td>\n<\/tr>\n<tr>\n<th>\u00c3\u009cr\u00c3\u00bcn A\u00c4\u009f\u00c4\u00b1rl\u00c4\u00b1\u00c4\u009f\u00c4\u00b1<\/th>\n<td>0 gr<\/td>\n<\/tr>\n<tr>\n<th>Malzeme Cinsi<\/th>\n<td>Plastik<\/td>\n<\/tr>\n<tr>\n<th>G\u00c3\u00b6r\u00c3\u00bcnt\u00c3\u00bc Aktar\u00c4\u00b1m Deste\u00c4\u009fi<\/th>\n<td>Yok<\/td>\n<\/tr>\n<tr>\n<th>Jack Materyal<\/th>\n<td>Plexy<\/td>\n<\/tr>\n<tr>\n<th>Ba\u00c4\u009flant\u00c4\u00b1 Tipi<\/th>\n<td>Jack To Lightning D\u00c3\u00b6n\u00c3\u00bc\u00c5\u009ft\u00c3\u00bcr\u00c3\u00bcc\u00c3\u00bc<\/td>\n<\/tr>\n<tr>\n<th>\u00c3\u009cr\u00c3\u00bcn Durumu<\/th>\n<td>S\u00c4\u00b1f\u00c4\u00b1r<\/td>\n<\/tr>\n<tr>\n<th>Garanti Durumu<\/th>\n<td>\u00c4\u00b0thaalat\u00c3\u00a7\u00c4\u00b1 Garantili<\/td>\n<\/tr>\n<tr>\n<th>Garanti S\u00c3\u00bcresi<\/th>\n<td>24 Ay<\/td>\n<\/tr>\n<tr>\n<th>\u00c3\u009cr\u00c3\u00bcn Men\u00c5\u009fei\/\u00c3\u009clke<\/th>\n<td>P.R.C<\/td>\n<\/tr>\n<tr>\n<th>Wireless \u00c3\u0096zelli\u00c4\u009fi<\/th>\n<td>Yok<\/td>\n<\/tr>\n<\/tbody>\n<\/table>\n<\/div>\n<\/div>\n<\/div>\n","protected":false},"excerpt":{"rendered":"<p>\u00c3\u009cr\u00c3\u00bcn \u00c3\u0096zellikleri Uyumlu Modeller Renk Siyah \u00c3\u009cr\u00c3\u00bcn A\u00c4\u009f\u00c4\u00b1rl\u00c4\u00b1\u00c4\u009f\u00c4\u00b1 0 gr Malzeme Cinsi Plastik G\u00c3\u00b6r\u00c3\u00bcnt\u00c3\u00bc Aktar\u00c4\u00b1m Deste\u00c4\u009fi Yok Jack Materyal Plexy<\/p>\n","protected":false},"featured_media":19606,"comment_status":"closed","ping_status":"closed","template":"","meta":[],"product_brand":[163],"product_cat":[136],"product_tag":[262,271,272,273,175,274],"class_list":{"0":"post-16874","1":"product","2":"type-product","3":"status-publish","4":"has-post-thumbnail","6":"product_brand-nettech","7":"product_cat-donusturuculer","8":"product_tag-donusturucu","9":"product_tag-jack","10":"product_tag-jh-101","11":"product_tag-lightning","12":"product_tag-nettech","13":"product_tag-to","15":"first","16":"instock","17":"sale","18":"featured","19":"shipping-taxable","20":"purchasable","21":"product-type-simple"},"_links":{"self":[{"href":"https:\/\/cepaksesuarburada.com.tr\/index.php\/wp-json\/wp\/v2\/product\/16874","targetHints":{"allow":["GET"]}}],"collection":[{"href":"https:\/\/cepaksesuarburada.com.tr\/index.php\/wp-json\/wp\/v2\/product"}],"about":[{"href":"https:\/\/cepaksesuarburada.com.tr\/index.php\/wp-json\/wp\/v2\/types\/product"}],"replies":[{"embeddable":true,"href":"https:\/\/cepaksesuarburada.com.tr\/index.php\/wp-json\/wp\/v2\/comments?post=16874"}],"version-history":[{"count":1,"href":"https:\/\/cepaksesuarburada.com.tr\/index.php\/wp-json\/wp\/v2\/product\/16874\/revisions"}],"predecessor-version":[{"id":19610,"href":"https:\/\/cepaksesuarburada.com.tr\/index.php\/wp-json\/wp\/v2\/product\/16874\/revisions\/19610"}],"wp:featuredmedia":[{"embeddable":true,"href":"https:\/\/cepaksesuarburada.com.tr\/index.php\/wp-json\/wp\/v2\/media\/19606"}],"wp:attachment":[{"href":"https:\/\/cepaksesuarburada.com.tr\/index.php\/wp-json\/wp\/v2\/media?parent=16874"}],"wp:term":[{"taxonomy":"product_brand","embeddable":true,"href":"https:\/\/cepaksesuarburada.com.tr\/index.php\/wp-json\/wp\/v2\/product_brand?post=16874"},{"taxonomy":"product_cat","embeddable":true,"href":"https:\/\/cepaksesuarburada.com.tr\/index.php\/wp-json\/wp\/v2\/product_cat?post=16874"},{"taxonomy":"product_tag","embeddable":true,"href":"https:\/\/cepaksesuarburada.com.tr\/index.php\/wp-json\/wp\/v2\/product_tag?post=16874"}],"curies":[{"name":"wp","href":"https:\/\/api.w.org\/{rel}","templated":true}]}}