{"id":10642,"date":"2025-11-02T21:47:46","date_gmt":"2025-11-02T18:47:46","guid":{"rendered":"https:\/\/cepaksesuarburada.com.tr\/?post_type=product&#038;p=10642"},"modified":"2026-04-17T18:09:28","modified_gmt":"2026-04-17T15:09:28","slug":"reeder-p13-blue-max-2020-uyumlu-on-koruma-cam-ekran-koruyucu-seffaf","status":"publish","type":"product","link":"https:\/\/cepaksesuarburada.com.tr\/index.php\/urun\/reeder-p13-blue-max-2020-uyumlu-on-koruma-cam-ekran-koruyucu-seffaf\/","title":{"rendered":"Reeder P13 Blue Max 2020 Uyumlu \u00d6n Koruma Cam Ekran Koruyucu (\u015eeffaf)"},"content":{"rendered":"<div class=\"nettech\">\n<div class=\"sub-page-wrap\">\n<div class=\"w100\" data-sticky-container=\"\">\n<div class=\"wrap\">\n<div class=\"tab\">\n<ul>\n<li><a id=\"defaultOpen\" class=\"tablinks tab-active\"><\/a>\u00dcr\u00fcn \u00d6zellikleri<\/li>\n<\/ul>\n<\/div>\n<div id=\"product-feature\">\n<div class=\"product-specs-table\">\n<div class=\"mt-5\">\n<table width=\"100%\">\n<tbody>\n<tr>\n<th>Uyumlu Modeller<\/th>\n<td>Reeder &#8211; P13 Blue Max 2020<\/td>\n<\/tr>\n<tr>\n<th>Renk<\/th>\n<td>\u015eeffaf<\/td>\n<\/tr>\n<tr>\n<th>\u00dcr\u00fcn A\u011f\u0131rl\u0131\u011f\u0131<\/th>\n<td>0 gr<\/td>\n<\/tr>\n<tr>\n<th>Malzeme Cinsi<\/th>\n<td>Cam<\/td>\n<\/tr>\n<tr>\n<th>\u00dcr\u00fcn Kal\u0131nl\u0131k (Mm)<\/th>\n<td>0.3 mm<\/td>\n<\/tr>\n<tr>\n<th>Koruma Alan\u0131<\/th>\n<td>\u00d6n Koruma<\/td>\n<\/tr>\n<tr>\n<th>Uv Koruma<\/th>\n<td>Var<\/td>\n<\/tr>\n<tr>\n<th>Parmak \u0130zi<\/th>\n<td>G\u00f6stermiyor<\/td>\n<\/tr>\n<tr>\n<th>\u00dcr\u00fcn Durumu<\/th>\n<td>S\u0131f\u0131r<\/td>\n<\/tr>\n<tr>\n<th>Garanti S\u00fcresi<\/th>\n<td>Belirtilmemi\u015f<\/td>\n<\/tr>\n<tr>\n<th>\u00dcr\u00fcn Men\u015fei\/\u00dclke<\/th>\n<td>P.R.C<\/td>\n<\/tr>\n<tr>\n<th>Su Ge\u00e7irmezlik<\/th>\n<td>Ge\u00e7irmez<\/td>\n<\/tr>\n<\/tbody>\n<\/table>\n<\/div>\n<\/div>\n<\/div>\n<\/div>\n<\/div>\n<\/div>\n<\/div>\n","protected":false},"excerpt":{"rendered":"<p>\u00dcr\u00fcn \u00d6zellikleri Uyumlu Modeller Reeder &#8211; P13 Blue Max 2020 Renk \u015eeffaf \u00dcr\u00fcn A\u011f\u0131rl\u0131\u011f\u0131 0 gr Malzeme Cinsi Cam \u00dcr\u00fcn<\/p>\n","protected":false},"featured_media":19175,"comment_status":"open","ping_status":"closed","template":"","meta":[],"product_brand":[171],"product_cat":[24,149],"product_tag":[],"class_list":{"0":"post-10642","1":"product","2":"type-product","3":"status-publish","4":"has-post-thumbnail","6":"product_brand-reeder","7":"product_cat-ekran-koruyucular","8":"product_cat-temperli-cam-ekran-koruyuculari","10":"first","11":"instock","12":"sale","13":"featured","14":"shipping-taxable","15":"purchasable","16":"product-type-simple"},"_links":{"self":[{"href":"https:\/\/cepaksesuarburada.com.tr\/index.php\/wp-json\/wp\/v2\/product\/10642","targetHints":{"allow":["GET"]}}],"collection":[{"href":"https:\/\/cepaksesuarburada.com.tr\/index.php\/wp-json\/wp\/v2\/product"}],"about":[{"href":"https:\/\/cepaksesuarburada.com.tr\/index.php\/wp-json\/wp\/v2\/types\/product"}],"replies":[{"embeddable":true,"href":"https:\/\/cepaksesuarburada.com.tr\/index.php\/wp-json\/wp\/v2\/comments?post=10642"}],"version-history":[{"count":1,"href":"https:\/\/cepaksesuarburada.com.tr\/index.php\/wp-json\/wp\/v2\/product\/10642\/revisions"}],"predecessor-version":[{"id":19176,"href":"https:\/\/cepaksesuarburada.com.tr\/index.php\/wp-json\/wp\/v2\/product\/10642\/revisions\/19176"}],"wp:featuredmedia":[{"embeddable":true,"href":"https:\/\/cepaksesuarburada.com.tr\/index.php\/wp-json\/wp\/v2\/media\/19175"}],"wp:attachment":[{"href":"https:\/\/cepaksesuarburada.com.tr\/index.php\/wp-json\/wp\/v2\/media?parent=10642"}],"wp:term":[{"taxonomy":"product_brand","embeddable":true,"href":"https:\/\/cepaksesuarburada.com.tr\/index.php\/wp-json\/wp\/v2\/product_brand?post=10642"},{"taxonomy":"product_cat","embeddable":true,"href":"https:\/\/cepaksesuarburada.com.tr\/index.php\/wp-json\/wp\/v2\/product_cat?post=10642"},{"taxonomy":"product_tag","embeddable":true,"href":"https:\/\/cepaksesuarburada.com.tr\/index.php\/wp-json\/wp\/v2\/product_tag?post=10642"}],"curies":[{"name":"wp","href":"https:\/\/api.w.org\/{rel}","templated":true}]}}