{"id":12,"date":"2026-04-18T14:59:15","date_gmt":"2026-04-18T11:59:15","guid":{"rendered":"https:\/\/cepaksesuarburada.com.tr\/?page_id=12"},"modified":"2026-04-21T13:33:14","modified_gmt":"2026-04-21T10:33:14","slug":"degisim-ve-iade","status":"publish","type":"page","link":"https:\/\/cepaksesuarburada.com.tr\/index.php\/degisim-ve-iade\/","title":{"rendered":"DE\u011e\u0130\u015e\u0130M VE \u0130ADE"},"content":{"rendered":"\t\t<div data-elementor-type=\"wp-page\" data-elementor-id=\"12\" class=\"elementor elementor-12\">\n\t\t\t\t<div class=\"wd-negative-gap elementor-element elementor-element-224adf86 e-flex e-con-boxed e-con e-parent\" data-id=\"224adf86\" data-element_type=\"container\" data-e-type=\"container\">\n\t\t\t\t\t<div class=\"e-con-inner\">\n\t\t\t\t<div class=\"elementor-element elementor-element-fb46ea5 color-scheme-inherit text-left elementor-widget elementor-widget-text-editor\" data-id=\"fb46ea5\" data-element_type=\"widget\" data-e-type=\"widget\" data-widget_type=\"text-editor.default\">\n\t\t\t\t\t\t\t\t\t\n<ul>\n<li>\n<p><strong>\u00dcr\u00fcn De\u011fi\u015fimi<\/strong><\/p>\n<p>T\u00fcrkiye i\u00e7inden verilen sipari\u015flerde \u00fcr\u00fcn de\u011fi\u015fimleri fatura tarihinden itibaren 7 g\u00fcn i\u00e7erisinde iade \u015fartlar\u0131n\u0131 da kapsayacak \u015fekilde kullan\u0131lmam\u0131\u015f olmas\u0131 ve taraf\u0131n\u0131za g\u00f6nderilen orijinal paketinde g\u00f6nderilmek \u015fart\u0131yla kargo \u00fccreti taraf\u0131n\u0131zdan \u00f6denmek suretiyle yap\u0131lmaktad\u0131r. Baz\u0131 \u00fcr\u00fcnlerde hijyenik nedenlerden dolay\u0131 de\u011fi\u015fim veya iade yap\u0131lamamaktad\u0131r. Yap\u0131lan al\u0131\u015fveri\u015flerde her \u00fcr\u00fcn i\u00e7in bir kez de\u011fi\u015fim hakk\u0131 vard\u0131r. De\u011fi\u015fim i\u015fleminin iadesi ve tekrar de\u011fi\u015fimi yap\u0131lmamaktad\u0131r. T\u00fcrkiye d\u0131\u015f\u0131ndan verilen sipari\u015flerde de\u011fi\u015fim hakk\u0131 yoktur.<\/p>\n<p>\u00a0<\/p>\n<p><strong>\u0130ade \u015eartlar\u0131<\/strong><\/p>\n<p>T\u00fcrkiye i\u00e7inden verdi\u011finiz sipari\u015finizi teslim ald\u0131ktan sonra cayma hakk\u0131 \u00e7er\u00e7evesinde iade etmek isterseniz, \u00fcr\u00fcn elinize ge\u00e7ti\u011fi tarihten itibaren en ge\u00e7 kargo \u00e7al\u0131\u015fma g\u00fcnleri i\u00e7erisindeki 7 g\u00fcn i\u00e7erisinde iade talep formunu doldurarak, \u00fcr\u00fcn\u00fc orijinal ambalaj\u0131 bozulmadan, yan\u0131nda size g\u00f6nderilen b\u00fct\u00fcn belgeler ile eksiksiz ve kullan\u0131lmam\u0131\u015f olarak DHL Kargo ile iade edebilirsiniz. T\u00fcrkiye d\u0131\u015f\u0131ndan verilen sipari\u015flerde iade hakk\u0131 yoktur.<\/p>\n<p>Bijuteri kategorisine ait \u00fcr\u00fcnlerin iadeleri kabul edilmemektedir (k\u00fcpe, kolye, bro\u015f vb.)<\/p>\n<p>\u00dcr\u00fcnden kaynaklanan herhangi bir kusur sebebiyle yapaca\u011f\u0131n\u0131z iadelerde de, ald\u0131\u011f\u0131n\u0131z \u00fcr\u00fcn\u00fc teslim tarihinden itibaren 30 g\u00fcn i\u00e7erisinde iade edebilirsiniz. \u00dcr\u00fcn iadesinde a\u015fa\u011f\u0131daki konulara dikkat etmeniz gerekmektedir:<\/p>\n<p>\u00dcr\u00fcn orijinal ambalaj\u0131nda hasar g\u00f6rmemi\u015f, kullan\u0131lmam\u0131\u015f, kullan\u0131m hatas\u0131 sonucu zarar g\u00f6rmemi\u015f olmal\u0131d\u0131r.<\/p>\n<p>\u00dcr\u00fcn faturas\u0131nda yer alan iade\/de\u011fi\u015fim formunu eksiksiz doldurduktan sonra, DHL Kargo firmas\u0131na \u201d60796\u201d numaral\u0131 kodu vererek \u0130zmir\/Konak adresine \u00fccretsiz g\u00f6nderebilirsiniz.<\/p>\n<p>Faturas\u0131 kurum ad\u0131na d\u00fczenlenmi\u015f ise, iade i\u015flemi i\u00e7in kurumun d\u00fczenlemi\u015f oldu\u011fu, kargo \u00fccreti dahil edilmeden, \u2018\u00dcr\u00fcn Birim Fiyat\u0131 + KDV\u2019 \u015feklinde kesilmi\u015f bir iade faturas\u0131 da birlikte g\u00f6nderilmelidir. Aksi takdirde iade al\u0131namamaktad\u0131r.<\/p>\n<p>M\u00fc\u015fteri \u00fcr\u00fcn\u00fc, kendisine teslim edildi\u011fi andaki durumu ile geri vermekle y\u00fck\u00fcml\u00fcd\u00fcr. \u00dcr\u00fcn kullan\u0131lm\u0131\u015f ise mal\u0131n ticari de\u011ferindeki kayb\u0131 tazminle y\u00fck\u00fcml\u00fcd\u00fcr.<\/p>\n<p>\u00dcr\u00fcn\u00fcn iade edilmesi veya al\u0131\u015fveri\u015finden caymas\u0131 halinde, \u00fcr\u00fcn taraf\u0131m\u0131zdan incelendikten ve onay verildikten sonra 7\/15 i\u015f g\u00fcn\u00fc i\u00e7erisinde \u00fcr\u00fcn bedeli iade edilir.<\/p>\n<p>\u00a0<\/p>\n<p><strong>\u0130adede Kargo Bedeli<\/strong><\/p>\n<p>\u0130ade etmek istedi\u011finiz \u00fcr\u00fcn\u00fcn ay\u0131pl\u0131 oldu\u011fu durumlarda kargo \u00fccreti firmam\u0131z taraf\u0131ndan kar\u015f\u0131lanmaktad\u0131r. Di\u011fer durumlarda ise kargo \u00fccreti size aittir. Bu sebeple yapaca\u011f\u0131n\u0131z iadelerin kargo bedelleri \u00f6denmeden g\u00f6nderilmi\u015f ise kargo bedeli taraf\u0131n\u0131za iade edilecek \u00fcr\u00fcn bedelinden d\u00fc\u015f\u00fclecektir.<\/p>\n<p>Sitemiz al\u0131\u015fveri\u015f ko\u015fullar\u0131nda belirtilen \u00fccretsiz kargo kampanyas\u0131, iade i\u015fleminizden sonra de\u011fi\u015fiklik g\u00f6sterebilir. \u00d6rne\u011fin; 4000 TL \u00fczerindeki \u00fccretsiz kargolu sipari\u015finizde yer alan \u00fcr\u00fcnlerin baz\u0131lar\u0131n\u0131 iade etti\u011finizde ve sizde kalacak yeni sipari\u015f tutar\u0131n\u0131z 4000 TL alt limitinin alt\u0131na d\u00fc\u015ft\u00fc\u011f\u00fcnde, 150,00 TL kargo \u00fccreti kesintisi yap\u0131lacakt\u0131r.<\/p>\n<p>Kap\u0131da nakit, kap\u0131da kredi kart\u0131 veya banka havalesi ile yap\u0131lan al\u0131\u015fveri\u015flerin iade i\u015flemlerinin sa\u011flanabilmesi i\u00e7in, fatura i\u00e7inde yer alan iade formuna IBAN ve Hesap Sahibi Ad\u0131 bilgilerinizi eksiksiz doldurman\u0131z gerekmektedir. Kap\u0131da \u00f6deme tahsilat bedeli (150,00 TL) iade edilmemektedir.<\/p>\n<p>\u00a0<\/p>\n<p><strong>\u0130ade g\u00f6nderi adresi:<\/strong><\/p>\n<p><strong>CEPAKSESUARBURADA<\/strong><\/p>\n<p><strong>Hac\u0131 Hasan Mah. Yakup Naci Sok. Kenan Apak Apt. C Blok No:8\/D, 39200 Babaeski\/K\u0131rklareli<\/strong><\/p>\n<\/li>\n<\/ul>\n\t\t\t\t\t\t\t\t<\/div>\n\t\t\t\t\t<\/div>\n\t\t\t\t<\/div>\n\t\t\t\t<\/div>\n\t\t","protected":false},"excerpt":{"rendered":"<p>\u00dcr\u00fcn De\u011fi\u015fimi T\u00fcrkiye i\u00e7inden verilen sipari\u015flerde \u00fcr\u00fcn de\u011fi\u015fimleri fatura tarihinden itibaren 7 g\u00fcn i\u00e7erisinde iade \u015fartlar\u0131n\u0131 da kapsayacak \u015fekilde kullan\u0131lmam\u0131\u015f<\/p>\n","protected":false},"author":1,"featured_media":0,"parent":0,"menu_order":0,"comment_status":"closed","ping_status":"closed","template":"","meta":{"footnotes":""},"class_list":["post-12","page","type-page","status-publish","hentry"],"_links":{"self":[{"href":"https:\/\/cepaksesuarburada.com.tr\/index.php\/wp-json\/wp\/v2\/pages\/12","targetHints":{"allow":["GET"]}}],"collection":[{"href":"https:\/\/cepaksesuarburada.com.tr\/index.php\/wp-json\/wp\/v2\/pages"}],"about":[{"href":"https:\/\/cepaksesuarburada.com.tr\/index.php\/wp-json\/wp\/v2\/types\/page"}],"author":[{"embeddable":true,"href":"https:\/\/cepaksesuarburada.com.tr\/index.php\/wp-json\/wp\/v2\/users\/1"}],"replies":[{"embeddable":true,"href":"https:\/\/cepaksesuarburada.com.tr\/index.php\/wp-json\/wp\/v2\/comments?post=12"}],"version-history":[{"count":15,"href":"https:\/\/cepaksesuarburada.com.tr\/index.php\/wp-json\/wp\/v2\/pages\/12\/revisions"}],"predecessor-version":[{"id":22588,"href":"https:\/\/cepaksesuarburada.com.tr\/index.php\/wp-json\/wp\/v2\/pages\/12\/revisions\/22588"}],"wp:attachment":[{"href":"https:\/\/cepaksesuarburada.com.tr\/index.php\/wp-json\/wp\/v2\/media?parent=12"}],"curies":[{"name":"wp","href":"https:\/\/api.w.org\/{rel}","templated":true}]}}